{"id":3778,"date":"2020-01-19T19:12:04","date_gmt":"2020-01-19T22:12:04","guid":{"rendered":"http:\/\/www.digitalowns.com.br\/?page_id=3778"},"modified":"2020-08-12T13:48:19","modified_gmt":"2020-08-12T16:48:19","slug":"portfolio-2","status":"publish","type":"page","link":"http:\/\/www.digitalowns.com.br\/?page_id=3778","title":{"rendered":"SISCONVEM &#8211; SUL SYSTEMM"},"content":{"rendered":"\n<div class=\"wp-block-group\"><div class=\"wp-block-group__inner-container is-layout-flow wp-block-group-is-layout-flow\">\n<div class=\"wp-block-group is-layout-flow wp-block-group-is-layout-flow\"><div class=\"wp-block-group__inner-container\"><\/div><\/div>\n<\/div><\/div>\n\n\n\n<p><\/p>\n\n\n\n<p>Um Sistema para inser\u00e7\u00e3o e controle de inadimplentes com integra\u00e7\u00e3o com a base do Serasa Experian por meio de arquivo TXT. <br>O Cliente necessitava de um sistema para inser\u00e7\u00e3o pelo seus parceiros dos clientes inadimplentes, para integra\u00e7\u00e3o no banco de dados do SERASA.<br>Foi desenvolvido e hospedado o sistema para o cliente, hoje mantemos o suporte e atualiza\u00e7\u00f5es peri\u00f3dicas do sistema.<\/p>\n\n\n\n<p>Desenvolvido em Java, JSF e Primefaces.<br><br>Tela de login do sistema:   <a href=\"https:\/\/sisconvem.sulsystem.com.br\/\">Sisconvem<\/a>.<br><br>Para mais informa\u00e7\u00f5es sobre a Sul System Informa\u00e7\u00f5es cadastrais acesse o site <a href=\"http:\/\/www.sulsystem.com.br\">sulsystem<\/a>.<\/p>\n","protected":false},"excerpt":{"rendered":"<p>Um Sistema para inser\u00e7\u00e3o e controle de inadimplentes com integra\u00e7\u00e3o com a base do Serasa Experian por meio de arquivo TXT. O Cliente necessitava de um sistema para inser\u00e7\u00e3o pelo seus parceiros dos clientes inadimplentes, para integra\u00e7\u00e3o no banco de dados do SERASA.Foi desenvolvido e hospedado o sistema para o cliente, hoje mantemos o suporte [&hellip;]<\/p>\n","protected":false},"author":3,"featured_media":3850,"parent":0,"menu_order":0,"comment_status":"closed","ping_status":"closed","template":"","meta":{"footnotes":""},"class_list":["post-3778","page","type-page","status-publish","has-post-thumbnail","hentry"],"_links":{"self":[{"href":"http:\/\/www.digitalowns.com.br\/index.php?rest_route=\/wp\/v2\/pages\/3778","targetHints":{"allow":["GET"]}}],"collection":[{"href":"http:\/\/www.digitalowns.com.br\/index.php?rest_route=\/wp\/v2\/pages"}],"about":[{"href":"http:\/\/www.digitalowns.com.br\/index.php?rest_route=\/wp\/v2\/types\/page"}],"author":[{"embeddable":true,"href":"http:\/\/www.digitalowns.com.br\/index.php?rest_route=\/wp\/v2\/users\/3"}],"replies":[{"embeddable":true,"href":"http:\/\/www.digitalowns.com.br\/index.php?rest_route=%2Fwp%2Fv2%2Fcomments&post=3778"}],"version-history":[{"count":10,"href":"http:\/\/www.digitalowns.com.br\/index.php?rest_route=\/wp\/v2\/pages\/3778\/revisions"}],"predecessor-version":[{"id":3894,"href":"http:\/\/www.digitalowns.com.br\/index.php?rest_route=\/wp\/v2\/pages\/3778\/revisions\/3894"}],"wp:featuredmedia":[{"embeddable":true,"href":"http:\/\/www.digitalowns.com.br\/index.php?rest_route=\/wp\/v2\/media\/3850"}],"wp:attachment":[{"href":"http:\/\/www.digitalowns.com.br\/index.php?rest_route=%2Fwp%2Fv2%2Fmedia&parent=3778"}],"curies":[{"name":"wp","href":"https:\/\/api.w.org\/{rel}","templated":true}]}}